{"id":40,"date":"2015-05-25T13:09:14","date_gmt":"2015-05-25T11:09:14","guid":{"rendered":"http:\/\/new.dwspit.pl\/konferencje\/?page_id=40"},"modified":"2015-05-26T13:01:20","modified_gmt":"2015-05-26T11:01:20","slug":"problematyka","status":"publish","type":"page","link":"https:\/\/konferencje.ujw.pl\/praktyka-przemyslowa\/index.php\/problematyka\/","title":{"rendered":"PROBLEMATYKA"},"content":{"rendered":"<p><strong>Cele:<\/strong><\/p>\n<p>G\u0142\u00f3wnym celem konferencji jest zaprezentowanie przez jej uczestnik\u00f3w wynik\u00f3w bada\u0144, najnowszego stanu wiedzy, dobrych praktyk (<em>case studies<\/em>) dotycz\u0105cych relacji nauk technicznych i przemys\u0142u regionu dolno\u015bl\u0105skiego, ze szczeg\u00f3lnym uwzgl\u0119dnieniem Zag\u0142\u0119bia Miedziowego. Drugim celem jest zbli\u017cenie \u015brodowisk naukowych i przemys\u0142owych oraz wskazanie mo\u017cliwo\u015bci wsp\u00f3lnych dzia\u0142a\u0144 naukowych w najbli\u017cszych latach.<\/p>\n<p>Badania naukowe realizowane w o\u015brodkach akademickich na ca\u0142ym \u015bwiecie pokazuj\u0105,<br \/>\n\u017ce wsp\u00f3\u0142praca na rzecz rozwoju regionu jest bardziej efektywna, gdy s\u0105 w ni\u0105 zaanga\u017cowane r\u00f3\u017cnorodne \u015brodowiska, firmy, organizacje, instytucje, stowarzyszenia. Za\u0142o\u017ceniem konferencji jest zainspirowanie uczestnik\u00f3w do wsp\u00f3lnych prac badawczo-rozwojowych, kt\u00f3re sprzyjaj\u0105 wdra\u017caniu nowych technologii, pozwalaj\u0105 doskonali\u0107 proces zarz\u0105dzania produkcj\u0105, mog\u0105 pos\u0142u\u017cy\u0107 do przygotowania prac in\u017cynierskich u\u017cytecznych dla firm Zag\u0142\u0119bia Miedziowego.<\/p>\n<p><strong>Tematyka:<\/strong><\/p>\n<p>Zakres tematyczny Konferencji dotyczy zagadnie\u0144 zwi\u0105zanych z szeroko rozumian\u0105:<\/p>\n<ol>\n<li>automatyk\u0105 proces\u00f3w przemys\u0142owych,<\/li>\n<li>mechatronik\u0105, mikrohydraulik\u0105 i sterowaniem w urz\u0105dzeniach technicznych,<\/li>\n<li>informatyk\u0105,<\/li>\n<li>geologi\u0105 i g\u00f3rnictwem.<\/li>\n<\/ol>\n","protected":false},"excerpt":{"rendered":"<p>Cele: G\u0142\u00f3wnym celem konferencji jest zaprezentowanie przez jej uczestnik\u00f3w wynik\u00f3w bada\u0144, najnowszego stanu wiedzy, dobrych praktyk (case studies) dotycz\u0105cych relacji nauk technicznych i przemys\u0142u regionu dolno\u015bl\u0105skiego, ze szczeg\u00f3lnym uwzgl\u0119dnieniem Zag\u0142\u0119bia <a class=\"more-link\" href=\"https:\/\/konferencje.ujw.pl\/praktyka-przemyslowa\/index.php\/problematyka\/\">Continue Reading &amp;amp;amp;amp;amp;amp;amp;amp;amp;amp;amp;amp;amp;amp;amp;amp;rarr;<\/a><\/p>\n","protected":false},"author":1,"featured_media":0,"parent":0,"menu_order":3,"comment_status":"open","ping_status":"open","template":"","meta":[],"_links":{"self":[{"href":"https:\/\/konferencje.ujw.pl\/praktyka-przemyslowa\/index.php\/wp-json\/wp\/v2\/pages\/40"}],"collection":[{"href":"https:\/\/konferencje.ujw.pl\/praktyka-przemyslowa\/index.php\/wp-json\/wp\/v2\/pages"}],"about":[{"href":"https:\/\/konferencje.ujw.pl\/praktyka-przemyslowa\/index.php\/wp-json\/wp\/v2\/types\/page"}],"author":[{"embeddable":true,"href":"https:\/\/konferencje.ujw.pl\/praktyka-przemyslowa\/index.php\/wp-json\/wp\/v2\/users\/1"}],"replies":[{"embeddable":true,"href":"https:\/\/konferencje.ujw.pl\/praktyka-przemyslowa\/index.php\/wp-json\/wp\/v2\/comments?post=40"}],"version-history":[{"count":3,"href":"https:\/\/konferencje.ujw.pl\/praktyka-przemyslowa\/index.php\/wp-json\/wp\/v2\/pages\/40\/revisions"}],"predecessor-version":[{"id":155,"href":"https:\/\/konferencje.ujw.pl\/praktyka-przemyslowa\/index.php\/wp-json\/wp\/v2\/pages\/40\/revisions\/155"}],"wp:attachment":[{"href":"https:\/\/konferencje.ujw.pl\/praktyka-przemyslowa\/index.php\/wp-json\/wp\/v2\/media?parent=40"}],"curies":[{"name":"wp","href":"https:\/\/api.w.org\/{rel}","templated":true}]}}