{"id":55,"date":"2015-05-25T13:43:31","date_gmt":"2015-05-25T11:43:31","guid":{"rendered":"http:\/\/new.dwspit.pl\/konferencje\/?page_id=55"},"modified":"2019-04-25T13:04:23","modified_gmt":"2019-04-25T11:04:23","slug":"strona-glowna","status":"publish","type":"page","link":"https:\/\/konferencje.ujw.pl\/praktyka-przemyslowa\/index.php\/strona-glowna\/","title":{"rendered":"Witamy!"},"content":{"rendered":"<p style=\"text-align: center;\"><strong>III Konferencja Naukowa<\/strong><\/p>\n<p style=\"text-align: center;\"><strong>Nauki techniczne i praktyka przemys\u0142owa<\/strong><\/p>\n<p style=\"text-align: center;\"><strong>w Zag\u0142\u0119biu Miedziowym<\/strong><\/p>\n<p style=\"text-align: center;\"><strong>13-14 czerwca 2019 r.<\/strong><\/p>\n<p style=\"text-align: center;\"><strong>\u00a0<\/strong><\/p>\n<p style=\"text-align: center;\">organizowana przez:<\/p>\n<p style=\"text-align: center;\"><strong>Uczelni\u0119 Jana Wy\u017cykowskiego<\/strong><\/p>\n<p style=\"text-align: center;\">\n<p style=\"text-align: center;\">PATRONAT HONOROWY<\/p>\n<p style=\"text-align: center;\"><b>KGHM Polska Mied\u017a\u00a0SA<\/b><\/p>\n<p style=\"text-align: center;\">\n<p style=\"text-align: center;\">\n<p>Op\u0142at\u0119 konferencyjn\u0105 w wysoko\u015bci 200 z\u0142 nale\u017cy wnie\u015b\u0107 do dnia: 26.05.2019 r. na konto Uczelni Jana Wy\u017cykowskiego, ul. Skalnik\u00f3w 6b, 59-101 Polkowice,<\/p>\n<p>Santander Bank Polska O\/Polkowice nr rachunku bankowego:<br \/>\n73 1090 2109 0000 0005 5006 4774.<\/p>\n<p>Tytu\u0142em: Op\u0142ata za konferencj\u0119 \u201eNauki techniczne i praktyka przemys\u0142owa w Zag\u0142\u0119biu Miedziowym\u201d.<\/p>\n<p>Z op\u0142aty konferencyjnej zwolnieni s\u0105:<\/p>\n<p>&#8211; pracownicy UJW<\/p>\n<p>&#8211; pracownicy KGHM Polska Mied\u017a SA<\/p>\n<p>&nbsp;<\/p>\n<p>&nbsp;<\/p>\n<p style=\"text-align: left;\">\n","protected":false},"excerpt":{"rendered":"<p>III Konferencja Naukowa Nauki techniczne i praktyka przemys\u0142owa w Zag\u0142\u0119biu Miedziowym 13-14 czerwca 2019 r. \u00a0 organizowana przez: Uczelni\u0119 Jana Wy\u017cykowskiego PATRONAT HONOROWY KGHM Polska Mied\u017a\u00a0SA Op\u0142at\u0119 konferencyjn\u0105 w wysoko\u015bci <a class=\"more-link\" href=\"https:\/\/konferencje.ujw.pl\/praktyka-przemyslowa\/index.php\/strona-glowna\/\">Continue Reading &amp;amp;amp;amp;amp;amp;amp;amp;amp;amp;amp;amp;amp;amp;amp;amp;rarr;<\/a><\/p>\n","protected":false},"author":1,"featured_media":254,"parent":0,"menu_order":0,"comment_status":"open","ping_status":"open","template":"","meta":[],"_links":{"self":[{"href":"https:\/\/konferencje.ujw.pl\/praktyka-przemyslowa\/index.php\/wp-json\/wp\/v2\/pages\/55"}],"collection":[{"href":"https:\/\/konferencje.ujw.pl\/praktyka-przemyslowa\/index.php\/wp-json\/wp\/v2\/pages"}],"about":[{"href":"https:\/\/konferencje.ujw.pl\/praktyka-przemyslowa\/index.php\/wp-json\/wp\/v2\/types\/page"}],"author":[{"embeddable":true,"href":"https:\/\/konferencje.ujw.pl\/praktyka-przemyslowa\/index.php\/wp-json\/wp\/v2\/users\/1"}],"replies":[{"embeddable":true,"href":"https:\/\/konferencje.ujw.pl\/praktyka-przemyslowa\/index.php\/wp-json\/wp\/v2\/comments?post=55"}],"version-history":[{"count":28,"href":"https:\/\/konferencje.ujw.pl\/praktyka-przemyslowa\/index.php\/wp-json\/wp\/v2\/pages\/55\/revisions"}],"predecessor-version":[{"id":407,"href":"https:\/\/konferencje.ujw.pl\/praktyka-przemyslowa\/index.php\/wp-json\/wp\/v2\/pages\/55\/revisions\/407"}],"wp:featuredmedia":[{"embeddable":true,"href":"https:\/\/konferencje.ujw.pl\/praktyka-przemyslowa\/index.php\/wp-json\/wp\/v2\/media\/254"}],"wp:attachment":[{"href":"https:\/\/konferencje.ujw.pl\/praktyka-przemyslowa\/index.php\/wp-json\/wp\/v2\/media?parent=55"}],"curies":[{"name":"wp","href":"https:\/\/api.w.org\/{rel}","templated":true}]}}