{"id":63,"date":"2015-05-25T13:46:06","date_gmt":"2015-05-25T11:46:06","guid":{"rendered":"http:\/\/new.dwspit.pl\/konferencje\/?page_id=63"},"modified":"2019-04-25T12:51:56","modified_gmt":"2019-04-25T10:51:56","slug":"organizatorzy","status":"publish","type":"page","link":"https:\/\/konferencje.ujw.pl\/praktyka-przemyslowa\/index.php\/organizatorzy\/","title":{"rendered":"ORGANIZATORZY"},"content":{"rendered":"<p>&nbsp;<\/p>\n<p>&nbsp;<\/p>\n<p style=\"text-align: center;\"><strong><em>Nauki techniczne i praktyka przemys\u0142owa<\/em><\/strong><\/p>\n<p style=\"text-align: center;\"><strong><em>w Zag\u0142\u0119biu Miedziowym<\/em><\/strong><\/p>\n<p style=\"text-align: center;\"><strong>III Konferencja Naukowa<\/strong><\/p>\n<p style=\"text-align: center;\"><strong>\u00a0<\/strong><\/p>\n<p style=\"text-align: center;\"><strong><em>organizowana przez:<\/em><\/strong><\/p>\n<p>U<\/p>\n<p style=\"text-align: center;\"><strong>Uczelni\u0119 Jana Wy\u017cykowskiego\u00a0<\/strong><\/p>\n<p style=\"text-align: center;\">\n<p style=\"text-align: center;\"><strong>PATRONAT HONOROWY<\/strong><\/p>\n<p style=\"text-align: center;\"><strong>KGHM Polska Mied\u017a SA<\/strong><\/p>\n","protected":false},"excerpt":{"rendered":"<p>&nbsp; &nbsp; Nauki techniczne i praktyka przemys\u0142owa w Zag\u0142\u0119biu Miedziowym III Konferencja Naukowa \u00a0 organizowana przez: U Uczelni\u0119 Jana Wy\u017cykowskiego\u00a0 PATRONAT HONOROWY KGHM Polska Mied\u017a SA<\/p>\n","protected":false},"author":1,"featured_media":0,"parent":0,"menu_order":0,"comment_status":"open","ping_status":"open","template":"","meta":[],"_links":{"self":[{"href":"https:\/\/konferencje.ujw.pl\/praktyka-przemyslowa\/index.php\/wp-json\/wp\/v2\/pages\/63"}],"collection":[{"href":"https:\/\/konferencje.ujw.pl\/praktyka-przemyslowa\/index.php\/wp-json\/wp\/v2\/pages"}],"about":[{"href":"https:\/\/konferencje.ujw.pl\/praktyka-przemyslowa\/index.php\/wp-json\/wp\/v2\/types\/page"}],"author":[{"embeddable":true,"href":"https:\/\/konferencje.ujw.pl\/praktyka-przemyslowa\/index.php\/wp-json\/wp\/v2\/users\/1"}],"replies":[{"embeddable":true,"href":"https:\/\/konferencje.ujw.pl\/praktyka-przemyslowa\/index.php\/wp-json\/wp\/v2\/comments?post=63"}],"version-history":[{"count":7,"href":"https:\/\/konferencje.ujw.pl\/praktyka-przemyslowa\/index.php\/wp-json\/wp\/v2\/pages\/63\/revisions"}],"predecessor-version":[{"id":400,"href":"https:\/\/konferencje.ujw.pl\/praktyka-przemyslowa\/index.php\/wp-json\/wp\/v2\/pages\/63\/revisions\/400"}],"wp:attachment":[{"href":"https:\/\/konferencje.ujw.pl\/praktyka-przemyslowa\/index.php\/wp-json\/wp\/v2\/media?parent=63"}],"curies":[{"name":"wp","href":"https:\/\/api.w.org\/{rel}","templated":true}]}}