{"id":79,"date":"2015-05-25T13:58:32","date_gmt":"2015-05-25T11:58:32","guid":{"rendered":"http:\/\/new.dwspit.pl\/konferencje\/?page_id=79"},"modified":"2019-04-25T12:55:47","modified_gmt":"2019-04-25T10:55:47","slug":"wymagania-redakcyjne","status":"publish","type":"page","link":"https:\/\/konferencje.ujw.pl\/praktyka-przemyslowa\/index.php\/uczestnictwo-3\/wymagania-redakcyjne\/","title":{"rendered":"Wymagania redakcyjne"},"content":{"rendered":"<p><strong>Wskaz\u00f3wki redakcyjne \u201eZeszyty Naukowe UJW. Studia z Nauk Technicznych\u201d<\/strong><\/p>\n<p><strong>dot. tekst\u00f3w do publikacji, nades\u0142anych na konferencj\u0119 \u201eNauki techniczne i praktyka przemys\u0142owa w Zag\u0142\u0119biu Miedziowym\u201d, 13-14 czerwca 2019 r.<\/strong><\/p>\n<p>&nbsp;<\/p>\n<ol>\n<li>Wydawnictwo przyjmuje 1 wydruk komputerowy wraz z p\u0142yt\u0105 CD z wersj\u0105 elektroniczn\u0105 publikacji.<\/li>\n<li>Tekst zapisany na no\u015bniku musi by\u0107 identyczny z wydrukiem komputerowym.<\/li>\n<\/ol>\n<p><strong>Alternatywnie gotowy tekst mo\u017cna przes\u0142a\u0107 drog\u0105 mailow\u0105 na adres j.walczak@ujw.pl<\/strong><\/p>\n<ol start=\"3\">\n<li>Obj\u0119to\u015b\u0107 do 10 stron (z przypisami). Za znak typograficzny uwa\u017ca si\u0119 ka\u017cd\u0105 liter\u0119, cyfr\u0119, znak przestankowy i odst\u0119p mi\u0119dzy s\u0142owami.<\/li>\n<li>Maszynopis powinien spe\u0142nia\u0107 nast\u0119puj\u0105ce wymagania:<\/li>\n<\/ol>\n<ul>\n<li>program Word,<\/li>\n<li>format A4, marginesy: lewy \u2013 2 cm, prawy \u2013 3,5 cm, g\u00f3rny i dolny \u2013 po ok. 2,5 cm,<\/li>\n<li>czcionka Times New Roman, wielko\u015b\u0107 12 pkt, odst\u0119py mi\u0119dzy wierszami 1,5,<\/li>\n<li>nale\u017cy unika\u0107 wyr\u00f3\u017cnie\u0144 w tek\u015bcie,<\/li>\n<li>strony maszynopisu nale\u017cy ponumerowa\u0107.<\/li>\n<\/ul>\n<ol start=\"5\">\n<li>Maszynopis powinien by\u0107 kompletny, tzn. powinien zawiera\u0107:<\/li>\n<\/ol>\n<p>&nbsp;<\/p>\n<ul>\n<li>przypisy \u015br\u00f3dtekstowe, harwardzkie<\/li>\n<li>wst\u0119p i zako\u0144czenie (w przypadku d\u0142u\u017cszych tekst\u00f3w),<\/li>\n<li><strong>s\u0142owa kluczowe<\/strong>, <strong>tytu\u0142 tekstu<\/strong> oraz <strong>streszczenie<\/strong> <strong>w j\u0119zyku polskim<\/strong> i <strong>angielskim<\/strong> (do 600 zn. ka\u017cde),<\/li>\n<li>na pocz\u0105tku tekstu imi\u0119 i nazwisko, tytu\u0142 lub stopie\u0144 naukowy autora oraz instytucj\u0119, kt\u00f3r\u0105 reprezentuje, telefon kontaktowy, adres kontaktowy, kt\u00f3re autor uwa\u017ca za stosowne do ew. publikacji.<\/li>\n<li><strong>bibliografia<\/strong> <strong>\/ literatura.<\/strong><\/li>\n<\/ul>\n<p>Wprowadzenie \u015br\u00f3dtytu\u0142\u00f3w pozostaje w gestii autora.<\/p>\n<p><strong>Zdj\u0119cia, tabele, rysunki <\/strong><\/p>\n<ol>\n<li>Zdj\u0119cia w wysokiej rozdzielczo\u015bci (powy\u017cej 3 megapikseli) powinny by\u0107 wklejone w tek\u015bcie,<br \/>\nw miejscu wskazanym przez autora. Podpisy do zdj\u0119\u0107 powinny by\u0107 napisane czcionk\u0105 Times New Roman, 10 pkt.<\/li>\n<li>Zdj\u0119cia, tabele i rysunki powinny by\u0107 zamieszczone w tek\u015bcie jak najbli\u017cej miejsca powo\u0142ania<\/li>\n<\/ol>\n<p>si\u0119 na nie. Zdj\u0119cia (jpg) powinny by\u0107 przes\u0142ane dodatkowo w osobnych, opisanych plikach.<\/p>\n<ol start=\"3\">\n<li>Przy ka\u017cdym zdj\u0119ciu, cytowanej tabeli oraz rysunku nale\u017cy poda\u0107 \u017ar\u00f3d\u0142o lub informacj\u0119 \u201eOpracowanie na podstawie&#8221;.<\/li>\n<li>Tabele podpisujemy na g\u00f3rze (przed tabel\u0105), natomiast rysunki i zdj\u0119cia na dole (pod).<\/li>\n<li>Zdj\u0119cia, tabele i rysunki wraz z tytu\u0142em i \u017ar\u00f3d\u0142em powinny si\u0119 mie\u015bci\u0107 w kolumnie tekstowej, tzn. w kolumnie o wymiarach (po sformatowaniu) 13 x 19 cm.<\/li>\n<li>Rysunek powinien by\u0107 przygotowany na bia\u0142ym tle.<\/li>\n<li>Poszczeg\u00f3lne elementy rysunku <strong>musz\u0105<\/strong> by\u0107 wykonane w <strong>odcieniach szaro\u015bci<\/strong> takich, aby<\/li>\n<\/ol>\n<p>zawarty w nich tekst by\u0142 czytelny.<\/p>\n<ol start=\"8\">\n<li>Tekst na rysunku powinien by\u0107 pisany czcionk\u0105 Times New Roman 9 pkt, odst\u0119p pojedynczy.<\/li>\n<li>Rysunki powinny by\u0107 przygotowane w Corelu, Wordzie lub Excelu (z do\u0142\u0105czonymi<\/li>\n<\/ol>\n<p>danymi) w formie gotowej do druku z mo\u017cliwo\u015bci\u0105 naniesienia na nich poprawek po redakcji wydawniczej.<\/p>\n<ol start=\"10\">\n<li>Rysunki wykonywane w Wordzie powinny by\u0107 zgrupowane.<\/li>\n<li>W wykresach z Excela przy du\u017cej liczbie danych zamiast kolor\u00f3w nale\u017cy u\u017cywa\u0107 wype\u0142nienia czytelnego w druku czarno-bia\u0142ym.<\/li>\n<\/ol>\n","protected":false},"excerpt":{"rendered":"<p>Wskaz\u00f3wki redakcyjne \u201eZeszyty Naukowe UJW. Studia z Nauk Technicznych\u201d dot. tekst\u00f3w do publikacji, nades\u0142anych na konferencj\u0119 \u201eNauki techniczne i praktyka przemys\u0142owa w Zag\u0142\u0119biu Miedziowym\u201d, 13-14 czerwca 2019 r. &nbsp; Wydawnictwo <a class=\"more-link\" href=\"https:\/\/konferencje.ujw.pl\/praktyka-przemyslowa\/index.php\/uczestnictwo-3\/wymagania-redakcyjne\/\">Continue Reading &amp;amp;amp;amp;amp;amp;amp;amp;amp;amp;amp;amp;amp;amp;amp;amp;rarr;<\/a><\/p>\n","protected":false},"author":1,"featured_media":0,"parent":45,"menu_order":0,"comment_status":"open","ping_status":"open","template":"","meta":[],"_links":{"self":[{"href":"https:\/\/konferencje.ujw.pl\/praktyka-przemyslowa\/index.php\/wp-json\/wp\/v2\/pages\/79"}],"collection":[{"href":"https:\/\/konferencje.ujw.pl\/praktyka-przemyslowa\/index.php\/wp-json\/wp\/v2\/pages"}],"about":[{"href":"https:\/\/konferencje.ujw.pl\/praktyka-przemyslowa\/index.php\/wp-json\/wp\/v2\/types\/page"}],"author":[{"embeddable":true,"href":"https:\/\/konferencje.ujw.pl\/praktyka-przemyslowa\/index.php\/wp-json\/wp\/v2\/users\/1"}],"replies":[{"embeddable":true,"href":"https:\/\/konferencje.ujw.pl\/praktyka-przemyslowa\/index.php\/wp-json\/wp\/v2\/comments?post=79"}],"version-history":[{"count":6,"href":"https:\/\/konferencje.ujw.pl\/praktyka-przemyslowa\/index.php\/wp-json\/wp\/v2\/pages\/79\/revisions"}],"predecessor-version":[{"id":403,"href":"https:\/\/konferencje.ujw.pl\/praktyka-przemyslowa\/index.php\/wp-json\/wp\/v2\/pages\/79\/revisions\/403"}],"up":[{"embeddable":true,"href":"https:\/\/konferencje.ujw.pl\/praktyka-przemyslowa\/index.php\/wp-json\/wp\/v2\/pages\/45"}],"wp:attachment":[{"href":"https:\/\/konferencje.ujw.pl\/praktyka-przemyslowa\/index.php\/wp-json\/wp\/v2\/media?parent=79"}],"curies":[{"name":"wp","href":"https:\/\/api.w.org\/{rel}","templated":true}]}}