{"id":82,"date":"2015-05-25T14:00:14","date_gmt":"2015-05-25T12:00:14","guid":{"rendered":"http:\/\/new.dwspit.pl\/konferencje\/?page_id=82"},"modified":"2019-04-25T12:54:43","modified_gmt":"2019-04-25T10:54:43","slug":"terminarz","status":"publish","type":"page","link":"https:\/\/konferencje.ujw.pl\/praktyka-przemyslowa\/index.php\/uczestnictwo-3\/terminarz\/","title":{"rendered":"Terminarz"},"content":{"rendered":"<p>&nbsp;<\/p>\n<ol>\n<li>Zg\u0142oszenie czynnego udzia\u0142u w konferencji wraz z abstraktem nale\u017cy przes\u0142a\u0107 (w formie elektronicznej) na adres j.walczak@ujw.pl do dnia <strong>14.04.2019 r.<\/strong><\/li>\n<li>Tre\u015b\u0107 referatu w j\u0119zyku angielskim nale\u017cy przes\u0142a\u0107 do dnia <strong>12.05.2019 r.<\/strong> na adres poczty elektronicznej j.walczak@ujw.pl.<\/li>\n<li>Referaty po uzyskaniu pozytywnej oceny recenzenta zostan\u0105 opublikowane w czasopi\u015bmie \u201eZeszyty Naukowe UJW. Studia z Nauk Technicznych\u201d.<\/li>\n<li>Szczeg\u00f3\u0142owe wymagania redakcyjne dotycz\u0105ce publikacji tekst\u00f3w zostan\u0105 przes\u0142ane przez UJW. Obj\u0119to\u015b\u0107 referat\u00f3w nie powinna przekroczy\u0107 10 stron formatu A4.<\/li>\n<li>Organizatorzy przewiduj\u0105 wyst\u0105pienia w formie referat\u00f3w (do 20 min.) i kr\u00f3tkich komunikat\u00f3w (do 5 min.).<\/li>\n<li>Program konferencji wraz z dodatkowymi informacjami organizacyjnymi zostanie rozes\u0142any zainteresowanym w formie komunikatu do dnia <strong>26.05.2019 r.<\/strong><\/li>\n<\/ol>\n","protected":false},"excerpt":{"rendered":"<p>&nbsp; Zg\u0142oszenie czynnego udzia\u0142u w konferencji wraz z abstraktem nale\u017cy przes\u0142a\u0107 (w formie elektronicznej) na adres j.walczak@ujw.pl do dnia 14.04.2019 r. Tre\u015b\u0107 referatu w j\u0119zyku angielskim nale\u017cy przes\u0142a\u0107 do dnia <a class=\"more-link\" href=\"https:\/\/konferencje.ujw.pl\/praktyka-przemyslowa\/index.php\/uczestnictwo-3\/terminarz\/\">Continue Reading &amp;amp;amp;amp;amp;amp;amp;amp;amp;amp;amp;amp;amp;amp;amp;amp;rarr;<\/a><\/p>\n","protected":false},"author":1,"featured_media":0,"parent":45,"menu_order":0,"comment_status":"open","ping_status":"open","template":"","meta":[],"_links":{"self":[{"href":"https:\/\/konferencje.ujw.pl\/praktyka-przemyslowa\/index.php\/wp-json\/wp\/v2\/pages\/82"}],"collection":[{"href":"https:\/\/konferencje.ujw.pl\/praktyka-przemyslowa\/index.php\/wp-json\/wp\/v2\/pages"}],"about":[{"href":"https:\/\/konferencje.ujw.pl\/praktyka-przemyslowa\/index.php\/wp-json\/wp\/v2\/types\/page"}],"author":[{"embeddable":true,"href":"https:\/\/konferencje.ujw.pl\/praktyka-przemyslowa\/index.php\/wp-json\/wp\/v2\/users\/1"}],"replies":[{"embeddable":true,"href":"https:\/\/konferencje.ujw.pl\/praktyka-przemyslowa\/index.php\/wp-json\/wp\/v2\/comments?post=82"}],"version-history":[{"count":6,"href":"https:\/\/konferencje.ujw.pl\/praktyka-przemyslowa\/index.php\/wp-json\/wp\/v2\/pages\/82\/revisions"}],"predecessor-version":[{"id":402,"href":"https:\/\/konferencje.ujw.pl\/praktyka-przemyslowa\/index.php\/wp-json\/wp\/v2\/pages\/82\/revisions\/402"}],"up":[{"embeddable":true,"href":"https:\/\/konferencje.ujw.pl\/praktyka-przemyslowa\/index.php\/wp-json\/wp\/v2\/pages\/45"}],"wp:attachment":[{"href":"https:\/\/konferencje.ujw.pl\/praktyka-przemyslowa\/index.php\/wp-json\/wp\/v2\/media?parent=82"}],"curies":[{"name":"wp","href":"https:\/\/api.w.org\/{rel}","templated":true}]}}