{"id":84,"date":"2015-05-25T14:00:43","date_gmt":"2015-05-25T12:00:43","guid":{"rendered":"http:\/\/new.dwspit.pl\/konferencje\/?page_id=84"},"modified":"2019-04-25T12:53:41","modified_gmt":"2019-04-25T10:53:41","slug":"komitet-naukowy","status":"publish","type":"page","link":"https:\/\/konferencje.ujw.pl\/praktyka-przemyslowa\/index.php\/organizatorzy\/komitet-naukowy\/","title":{"rendered":"Komitet naukowy"},"content":{"rendered":"<ol>\n<li><strong>zw. dr hab. in\u017c. Wac\u0142aw Kasprza<\/strong>k, Politechnika Wroc\u0142awska, Przewodnicz\u0105cy<\/li>\n<li><strong>nadzw. dr hab. in\u017c. Stanis\u0142aw Piesiak<\/strong>, Uczelnia Jana Wy\u017cykowskiego, z-ca Przewodnicz\u0105cego<\/li>\n<li><strong>dr Tadeusz Kierzyk<\/strong>, Uczelnia Jana Wy\u017cykowskiego, sekretarz naukowy<\/li>\n<li><strong>dr hab. in\u017c. Miros\u0142aw Galicki<\/strong>, Uczelnia Jana Wy\u017cykowskiego<\/li>\n<li><strong>nadzw. dr hab. in\u017c. Roman Galar<\/strong>, Politechnika Wroc\u0142awska<\/li>\n<li><strong>dr hab. in\u017c. J\u00f3zef Su\u0142kowski<\/strong>, Politechnika \u015al\u0105ska<\/li>\n<li><strong>prof. nadzw. dr hab. in\u017c. Andrzej Pieczy\u0144ski<\/strong>, Uniwersytet Zielonog\u00f3rski<\/li>\n<li><strong>dr Rajendrasinh Jadeja<\/strong>, Marwadi University, Rajkot, Gujarat, Indie<\/li>\n<li><strong>dr Samarjeet Borah<\/strong>, Sikkim Manipal University, Majhitar, Indie<\/li>\n<li><strong>dr Pradeep Kumar Singh<\/strong>, Jaypee University of Information Technology, Waknaghat, Indie<\/li>\n<li><strong>dr Hadi Nasseri,<\/strong> University of Mazandaran, Babolsar, Iran<\/li>\n<li><strong>dr Mihai Oproescu<\/strong>, University of Pitesti, Rumunia<\/li>\n<li><strong>dr in\u017c. Piotr Krysiak,<\/strong> Uczelnia Jana Wy\u017cykowskiego<\/li>\n<li><strong>dr in\u017c. Zdzis\u0142aw P\u00f3lkowski<\/strong>, Uczelnia Jana Wy\u017cykowskiego<\/li>\n<\/ol>\n<p>&nbsp;<\/p>\n<p>&nbsp;<\/p>\n","protected":false},"excerpt":{"rendered":"<p>zw. dr hab. in\u017c. Wac\u0142aw Kasprzak, Politechnika Wroc\u0142awska, Przewodnicz\u0105cy nadzw. dr hab. in\u017c. Stanis\u0142aw Piesiak, Uczelnia Jana Wy\u017cykowskiego, z-ca Przewodnicz\u0105cego dr Tadeusz Kierzyk, Uczelnia Jana Wy\u017cykowskiego, sekretarz naukowy dr hab. <a class=\"more-link\" href=\"https:\/\/konferencje.ujw.pl\/praktyka-przemyslowa\/index.php\/organizatorzy\/komitet-naukowy\/\">Continue Reading &amp;amp;amp;amp;amp;amp;amp;amp;amp;amp;amp;amp;amp;amp;amp;amp;rarr;<\/a><\/p>\n","protected":false},"author":1,"featured_media":0,"parent":63,"menu_order":0,"comment_status":"open","ping_status":"open","template":"","meta":[],"_links":{"self":[{"href":"https:\/\/konferencje.ujw.pl\/praktyka-przemyslowa\/index.php\/wp-json\/wp\/v2\/pages\/84"}],"collection":[{"href":"https:\/\/konferencje.ujw.pl\/praktyka-przemyslowa\/index.php\/wp-json\/wp\/v2\/pages"}],"about":[{"href":"https:\/\/konferencje.ujw.pl\/praktyka-przemyslowa\/index.php\/wp-json\/wp\/v2\/types\/page"}],"author":[{"embeddable":true,"href":"https:\/\/konferencje.ujw.pl\/praktyka-przemyslowa\/index.php\/wp-json\/wp\/v2\/users\/1"}],"replies":[{"embeddable":true,"href":"https:\/\/konferencje.ujw.pl\/praktyka-przemyslowa\/index.php\/wp-json\/wp\/v2\/comments?post=84"}],"version-history":[{"count":19,"href":"https:\/\/konferencje.ujw.pl\/praktyka-przemyslowa\/index.php\/wp-json\/wp\/v2\/pages\/84\/revisions"}],"predecessor-version":[{"id":401,"href":"https:\/\/konferencje.ujw.pl\/praktyka-przemyslowa\/index.php\/wp-json\/wp\/v2\/pages\/84\/revisions\/401"}],"up":[{"embeddable":true,"href":"https:\/\/konferencje.ujw.pl\/praktyka-przemyslowa\/index.php\/wp-json\/wp\/v2\/pages\/63"}],"wp:attachment":[{"href":"https:\/\/konferencje.ujw.pl\/praktyka-przemyslowa\/index.php\/wp-json\/wp\/v2\/media?parent=84"}],"curies":[{"name":"wp","href":"https:\/\/api.w.org\/{rel}","templated":true}]}}