{"id":86,"date":"2015-05-25T14:01:06","date_gmt":"2015-05-25T12:01:06","guid":{"rendered":"http:\/\/new.dwspit.pl\/konferencje\/?page_id=86"},"modified":"2019-04-25T12:50:57","modified_gmt":"2019-04-25T10:50:57","slug":"komitet-organizacyjny","status":"publish","type":"page","link":"https:\/\/konferencje.ujw.pl\/praktyka-przemyslowa\/index.php\/komitet-organizacyjny\/","title":{"rendered":"Komitet organizacyjny"},"content":{"rendered":"<ol>\n<li><strong>dr Dariusz Zaj\u0105c<\/strong>, kanclerz UJW<\/li>\n<li><strong>dr Jan Walczak<\/strong>, g\u0142\u00f3wny spec. ds. promocji i wydawnictw<\/li>\n<li><strong>mgr Iwona Budka-Oborska<\/strong>, kierownik dziekanatu Wydzia\u0142u Zamiejscowego UJW<\/li>\n<\/ol>\n<p><strong>\u00a0<\/strong><\/p>\n","protected":false},"excerpt":{"rendered":"<p>dr Dariusz Zaj\u0105c, kanclerz UJW dr Jan Walczak, g\u0142\u00f3wny spec. ds. promocji i wydawnictw mgr Iwona Budka-Oborska, kierownik dziekanatu Wydzia\u0142u Zamiejscowego UJW \u00a0<\/p>\n","protected":false},"author":1,"featured_media":0,"parent":0,"menu_order":0,"comment_status":"open","ping_status":"open","template":"","meta":[],"_links":{"self":[{"href":"https:\/\/konferencje.ujw.pl\/praktyka-przemyslowa\/index.php\/wp-json\/wp\/v2\/pages\/86"}],"collection":[{"href":"https:\/\/konferencje.ujw.pl\/praktyka-przemyslowa\/index.php\/wp-json\/wp\/v2\/pages"}],"about":[{"href":"https:\/\/konferencje.ujw.pl\/praktyka-przemyslowa\/index.php\/wp-json\/wp\/v2\/types\/page"}],"author":[{"embeddable":true,"href":"https:\/\/konferencje.ujw.pl\/praktyka-przemyslowa\/index.php\/wp-json\/wp\/v2\/users\/1"}],"replies":[{"embeddable":true,"href":"https:\/\/konferencje.ujw.pl\/praktyka-przemyslowa\/index.php\/wp-json\/wp\/v2\/comments?post=86"}],"version-history":[{"count":6,"href":"https:\/\/konferencje.ujw.pl\/praktyka-przemyslowa\/index.php\/wp-json\/wp\/v2\/pages\/86\/revisions"}],"predecessor-version":[{"id":399,"href":"https:\/\/konferencje.ujw.pl\/praktyka-przemyslowa\/index.php\/wp-json\/wp\/v2\/pages\/86\/revisions\/399"}],"wp:attachment":[{"href":"https:\/\/konferencje.ujw.pl\/praktyka-przemyslowa\/index.php\/wp-json\/wp\/v2\/media?parent=86"}],"curies":[{"name":"wp","href":"https:\/\/api.w.org\/{rel}","templated":true}]}}