{"id":91,"date":"2015-05-25T14:01:54","date_gmt":"2015-05-25T12:01:54","guid":{"rendered":"http:\/\/new.dwspit.pl\/konferencje\/?page_id=91"},"modified":"2017-04-04T13:42:19","modified_gmt":"2017-04-04T11:42:19","slug":"referaty","status":"publish","type":"page","link":"https:\/\/konferencje.ujw.pl\/praktyka-przemyslowa\/index.php\/referaty\/","title":{"rendered":"Referaty"},"content":{"rendered":"<ol>\n<li>Tre\u015b\u0107 referatu nale\u017cy przes\u0142a\u0107 na adres poczty elektronicznej j.walczak@ujw.pl<br \/>\n<hr \/>\n<\/li>\n<li>Referaty po uzyskaniu pozytywnej oceny recenzenta zostan\u0105 opublikowane<br \/>\nw punktowanych \u201eZeszytach Naukowych UJW. Studia z Nauk Technicznych\u201d<\/p>\n<hr \/>\n<\/li>\n<li>Wymagania redakcyjne dotycz\u0105ce publikacji tekst\u00f3w znajduj\u0105 si\u0119 w zak\u0142adce UCZESTNICTWO<br \/>\n<hr \/>\n<\/li>\n<li>Czas wyst\u0105pienia:<\/li>\n<\/ol>\n<ul>\n<li>referat &#8211; 15-20 minut,<\/li>\n<li>komunikat &#8211; 5 minut.<br \/>\n<hr \/>\n<\/li>\n<\/ul>\n","protected":false},"excerpt":{"rendered":"<p>Tre\u015b\u0107 referatu nale\u017cy przes\u0142a\u0107 na adres poczty elektronicznej j.walczak@ujw.pl Referaty po uzyskaniu pozytywnej oceny recenzenta zostan\u0105 opublikowane w punktowanych \u201eZeszytach Naukowych UJW. Studia z Nauk Technicznych\u201d Wymagania redakcyjne dotycz\u0105ce publikacji <a class=\"more-link\" href=\"https:\/\/konferencje.ujw.pl\/praktyka-przemyslowa\/index.php\/referaty\/\">Continue Reading &amp;amp;amp;amp;amp;amp;amp;amp;amp;amp;amp;amp;amp;amp;amp;amp;rarr;<\/a><\/p>\n","protected":false},"author":1,"featured_media":0,"parent":0,"menu_order":0,"comment_status":"open","ping_status":"open","template":"","meta":[],"_links":{"self":[{"href":"https:\/\/konferencje.ujw.pl\/praktyka-przemyslowa\/index.php\/wp-json\/wp\/v2\/pages\/91"}],"collection":[{"href":"https:\/\/konferencje.ujw.pl\/praktyka-przemyslowa\/index.php\/wp-json\/wp\/v2\/pages"}],"about":[{"href":"https:\/\/konferencje.ujw.pl\/praktyka-przemyslowa\/index.php\/wp-json\/wp\/v2\/types\/page"}],"author":[{"embeddable":true,"href":"https:\/\/konferencje.ujw.pl\/praktyka-przemyslowa\/index.php\/wp-json\/wp\/v2\/users\/1"}],"replies":[{"embeddable":true,"href":"https:\/\/konferencje.ujw.pl\/praktyka-przemyslowa\/index.php\/wp-json\/wp\/v2\/comments?post=91"}],"version-history":[{"count":6,"href":"https:\/\/konferencje.ujw.pl\/praktyka-przemyslowa\/index.php\/wp-json\/wp\/v2\/pages\/91\/revisions"}],"predecessor-version":[{"id":368,"href":"https:\/\/konferencje.ujw.pl\/praktyka-przemyslowa\/index.php\/wp-json\/wp\/v2\/pages\/91\/revisions\/368"}],"wp:attachment":[{"href":"https:\/\/konferencje.ujw.pl\/praktyka-przemyslowa\/index.php\/wp-json\/wp\/v2\/media?parent=91"}],"curies":[{"name":"wp","href":"https:\/\/api.w.org\/{rel}","templated":true}]}}