{"id":10,"date":"2015-09-22T09:02:58","date_gmt":"2015-09-22T07:02:58","guid":{"rendered":"http:\/\/konferencje.dwspit.pl\/spolecznosci-lokalne\/?page_id=10"},"modified":"2017-10-16T13:43:14","modified_gmt":"2017-10-16T11:43:14","slug":"problematyka-konferencji","status":"publish","type":"page","link":"https:\/\/konferencje.ujw.pl\/spolecznosci-lokalne\/index.php\/problematyka-konferencji\/","title":{"rendered":"Problematyka"},"content":{"rendered":"<p><strong><a href=\"http:\/\/konferencje.ujw.pl\/spolecznosci-lokalne\/wp-content\/uploads\/2015\/10\/ok\u0142adka-i-str.-9-zdj.-1-prosz\u0119-wymaza\u0107-szyldy-e1445065696316.jpg\"><img loading=\"lazy\" class=\"alignleft wp-image-141 size-medium\" src=\"http:\/\/konferencje.ujw.pl\/spolecznosci-lokalne\/wp-content\/uploads\/2015\/10\/ok\u0142adka-i-str.-9-zdj.-1-prosz\u0119-wymaza\u0107-szyldy-300x225.jpg\" alt=\"ok\u0142adka i str. 9, zdj. 1 (prosz\u0119 wymaza\u0107 szyldy)\" width=\"300\" height=\"225\" \/><\/a><\/strong><\/p>\n<p><strong>Problematyka konferencji jest wieloaspektowa, ale koncentruje si\u0119 g\u0142\u00f3wnie wok\u00f3\u0142 nast\u0119puj\u0105cych temat\u00f3w:<\/strong><\/p>\n<ol>\n<li>Samorz\u0105d terytorialny w procesie zmian spo\u0142eczno\u015bci lokalnych.<\/li>\n<li>Spo\u0142eczno\u015bci lokalne jako miejsca spotka\u0144 i wsp\u00f3\u0142pracy: tw\u00f3rczo\u015b\u0107 i innowacyjno\u015b\u0107 podmiot\u00f3w spo\u0142eczno\u015bci lokalnych.<\/li>\n<li>Codzienno\u015b\u0107 polityki o\u015bwiatowej w spo\u0142eczno\u015bciach lokalnych, ze szczeg\u00f3lnym uwzgl\u0119dnieniem dobrych praktyk.<\/li>\n<li>Pedagogika i antropologia miejsca.<\/li>\n<li>\u00a0Miejsce grup defaworyzowanych w spo\u0142eczno\u015bci lokalnej &#8211; mi\u0119dzy realnymi potrzebami, a mo\u017cliwo\u015bciami ich zaspokajania.<\/li>\n<li>Polityka lokalna &#8211; wybrane przyk\u0142ady (edukacja &#8211; rynek pracy &#8211; rozw\u00f3j spo\u0142eczno-gospodarczy).<\/li>\n<li>Spo\u0142eczno\u015bci lokalne w perspektywie wyzwa\u0144 wsp\u00f3\u0142czesno\u015bci.<\/li>\n<\/ol>\n<p>&nbsp;<\/p>\n<blockquote><p>Celem kolejnej konferencji jest usystematyzowanie polityk lokalnych (strategii\u00a0i spo\u0142eczno\u015bciowych dzia\u0142a\u0144 w sferze publicznej) w zakresie integracji spo\u0142ecznej, wzmacniania solidarno\u015bci i lokalnego obywatelstwa oraz wsp\u00f3\u0142pracy z otoczeniem gospodarczym. W konsekwencji chcemy, aby perspektywa spo\u0142eczno\u2013kulturowa analiz teoretycznych i empirycznych spo\u0142eczno\u015bci lokalnych by\u0142a obecna we wsp\u00f3\u0142czesnych dyskursach nad samorz\u0105dno\u015bci\u0105 i polityk\u0105 prowadzon\u0105 wobec \u015brodowisk lokalnych.<\/p><\/blockquote>\n","protected":false},"excerpt":{"rendered":"<p>Problematyka konferencji jest wieloaspektowa, ale koncentruje si\u0119 g\u0142\u00f3wnie wok\u00f3\u0142 nast\u0119puj\u0105cych temat\u00f3w: Samorz\u0105d terytorialny w procesie zmian spo\u0142eczno\u015bci lokalnych. Spo\u0142eczno\u015bci lokalne jako miejsca spotka\u0144 i wsp\u00f3\u0142pracy: tw\u00f3rczo\u015b\u0107 i innowacyjno\u015b\u0107 podmiot\u00f3w spo\u0142eczno\u015bci <a class=\"more-link\" href=\"https:\/\/konferencje.ujw.pl\/spolecznosci-lokalne\/index.php\/problematyka-konferencji\/\">Continue Reading &amp;amp;amp;amp;amp;amp;amp;amp;amp;amp;amp;amp;amp;amp;amp;amp;amp;amp;amp;amp;amp;amp;amp;amp;amp;rarr;<\/a><\/p>\n","protected":false},"author":2,"featured_media":0,"parent":0,"menu_order":0,"comment_status":"closed","ping_status":"closed","template":"","meta":[],"_links":{"self":[{"href":"https:\/\/konferencje.ujw.pl\/spolecznosci-lokalne\/index.php\/wp-json\/wp\/v2\/pages\/10"}],"collection":[{"href":"https:\/\/konferencje.ujw.pl\/spolecznosci-lokalne\/index.php\/wp-json\/wp\/v2\/pages"}],"about":[{"href":"https:\/\/konferencje.ujw.pl\/spolecznosci-lokalne\/index.php\/wp-json\/wp\/v2\/types\/page"}],"author":[{"embeddable":true,"href":"https:\/\/konferencje.ujw.pl\/spolecznosci-lokalne\/index.php\/wp-json\/wp\/v2\/users\/2"}],"replies":[{"embeddable":true,"href":"https:\/\/konferencje.ujw.pl\/spolecznosci-lokalne\/index.php\/wp-json\/wp\/v2\/comments?post=10"}],"version-history":[{"count":14,"href":"https:\/\/konferencje.ujw.pl\/spolecznosci-lokalne\/index.php\/wp-json\/wp\/v2\/pages\/10\/revisions"}],"predecessor-version":[{"id":433,"href":"https:\/\/konferencje.ujw.pl\/spolecznosci-lokalne\/index.php\/wp-json\/wp\/v2\/pages\/10\/revisions\/433"}],"wp:attachment":[{"href":"https:\/\/konferencje.ujw.pl\/spolecznosci-lokalne\/index.php\/wp-json\/wp\/v2\/media?parent=10"}],"curies":[{"name":"wp","href":"https:\/\/api.w.org\/{rel}","templated":true}]}}