{"id":158,"date":"2015-10-19T10:39:12","date_gmt":"2015-10-19T08:39:12","guid":{"rendered":"http:\/\/konferencje.dwspit.pl\/spolecznosci-lokalne\/?page_id=158"},"modified":"2016-07-19T08:02:30","modified_gmt":"2016-07-19T06:02:30","slug":"wymagania-redakcyjne","status":"publish","type":"page","link":"https:\/\/konferencje.ujw.pl\/spolecznosci-lokalne\/index.php\/ustalenia-organizacyjne\/wymagania-redakcyjne\/","title":{"rendered":"Wskaz\u00f3wki redakcyjne"},"content":{"rendered":"<p>WYDAWNICTWO UCZELNI JANA WY\u017bYKOWSKIEGO<\/p>\n<hr \/>\n<ol>\n<li>Gotowy tekst powinien zosta\u0107 przes\u0142any na adres mailowy j.walczak@ujw.pl<\/li>\n<li>Obj\u0119to\u015b\u0107 maksymalna tekstu: <strong>40 tys. znak\u00f3w ze spacjami.<\/strong> Za znak typograficzny uwa\u017ca si\u0119 ka\u017cd\u0105 liter\u0119, cyfr\u0119, znak przestankowy i odst\u0119p mi\u0119dzy s\u0142owami.<\/li>\n<li>Maszynopis powinien spe\u0142nia\u0107 nast\u0119puj\u0105ce wymagania:<\/li>\n<\/ol>\n<ul>\n<li>program Word,<\/li>\n<li>format A4, marginesy: lewy \u2013 2 cm, prawy \u2013 3,5 cm, g\u00f3rny i dolny \u2013 po ok. 2,5 cm,<\/li>\n<li>czcionka Times New Roman, wielko\u015b\u0107 12 pkt, odst\u0119py mi\u0119dzy wierszami 1,5,<\/li>\n<li>nale\u017cy unika\u0107 wyr\u00f3\u017cnie\u0144 w tek\u015bcie,<\/li>\n<li>strony maszynopisu nale\u017cy ponumerowa\u0107.<\/li>\n<\/ul>\n<ol start=\"4\">\n<li>Maszynopis powinien by\u0107 kompletny, tzn. powinien zawiera\u0107:<\/li>\n<\/ol>\n<ul>\n<li>przypisy na dole strony;<\/li>\n<\/ul>\n<p>Budowa przypisu: inicja\u0142, nazwisko, tytu\u0142 pracy (kursyw\u0105), miejsce i rok wydania, strona.<\/p>\n<p>Przyk\u0142ady:<\/p>\n<p>Nowosielski, <em>Centra koszt\u00f3w i centra zysk\u00f3w w przedsi\u0119biorstwie<\/em>, Atut, Wroc\u0142aw 2001, s. 22.<\/p>\n<p>Kowalska, <em>Przetargi<\/em>, [w:], S. Nowosielski (red.), <em>Przedsi\u0119biorstwa pa\u0144stwowe<\/em>, Atut, Wroc\u0142aw 2007, s. 34-40.<\/p>\n<p>Kowalska, <em>Nasze finanse<\/em>, \u201eGazeta Wyborcza\u201d, 14.10.2010.<\/p>\n<p>Kowalska, <em>Nasze finanse, http:\/\/elka5.fm\/\/content\/view\/36802\/189\/<\/em>, stan z dn. 10.10.11.<\/p>\n<ul>\n<li>wst\u0119p i zako\u0144czenie (w przypadku d\u0142u\u017cszych tekst\u00f3w),<\/li>\n<li><u>streszczenie<\/u> oraz tytu\u0142 tekstu <strong>w j\u0119zyku polskim<\/strong> i <strong>angielskim<\/strong> (max. 600 zn. ka\u017cde),<\/li>\n<li>na pocz\u0105tku tekstu imi\u0119 i nazwisko, tytu\u0142 lub stopie\u0144 naukowy autora oraz instytucj\u0119, kt\u00f3r\u0105 reprezentuje;<\/li>\n<li><u>s\u0142owa kluczowe<\/u> w j\u0119zyku polski i angielskim.<\/li>\n<li><u>kontakt do autora<\/u>: e-mail, nr tel. kontaktowego, nazwa uczelni, wydzia\u0142 \u2013 do udost\u0119pnienia przy artykule.<\/li>\n<li><u>nota o autorze<\/u>: 600 zn.<\/li>\n<\/ul>\n<p>Wprowadzenie \u015br\u00f3dtytu\u0142\u00f3w pozostaje w gestii autora.<\/p>\n<p>Zbiorczy wykaz literatury nale\u017cy zamie\u015bci\u0107 na ko\u0144cu artyku\u0142u.<\/p>\n<p><strong>Zdj\u0119cia, tabele, rysunki <\/strong><\/p>\n<ol>\n<li>Zdj\u0119cia i grafiki powinny by\u0107 wklejone w tek\u015bcie oraz nale\u017cy je przes\u0142a\u0107 do wydawnictwa dodatkowo, osobno w plikach jpg w wysokiej rozdzielczo\u015bci. Podpisy do zdj\u0119\u0107 powinny by\u0107 napisane czcionk\u0105 Times New Roman, 10 pkt.<\/li>\n<li>Zdj\u0119cia, tabele i rysunki powinny by\u0107 zamieszczone w tek\u015bcie jak najbli\u017cej miejsca powo\u0142ania\u00a0si\u0119 na nie.<\/li>\n<li>Przy ka\u017cdym zdj\u0119ciu, cytowanej tabeli oraz rysunku nale\u017cy poda\u0107 \u017ar\u00f3d\u0142o lub informacj\u0119 \u201eopracowanie na podstawie&#8221;.<\/li>\n<li>Tabele podpisujemy na g\u00f3rze (przed tabel\u0105), natomiast rysunki i zdj\u0119cia na dole (pod).<\/li>\n<li>Zdj\u0119cia, tabele i rysunki wraz z tytu\u0142em i \u017ar\u00f3d\u0142em powinny si\u0119 mie\u015bci\u0107 w kolumnie tekstowej, tzn. w kolumnie o wymiarach (po sformatowaniu) 13 x 19 cm.<\/li>\n<li>Rysunek powinien by\u0107 przygotowany na bia\u0142ym tle.<\/li>\n<li>Poszczeg\u00f3lne elementy rysunku <strong>musz\u0105<\/strong> by\u0107 wykonane w odcieniach szaro\u015bci takich, aby\u00a0zawarty w nich tekst by\u0142 czytelny.<\/li>\n<li>Tekst na rysunku powinien by\u0107 pisany czcionk\u0105 Times New Roman 9 pkt, odst\u0119p pojedynczy.<\/li>\n<li>Rysunki powinny by\u0107 przygotowane w Corelu, Wordzie lub Excelu (z do\u0142\u0105czonymi\u00a0danymi) w formie gotowej do druku z mo\u017cliwo\u015bci\u0105 naniesienia na nich poprawek po redakcji wydawniczej.<\/li>\n<li>Rysunki wykonywane w Wordzie powinny by\u0107 zgrupowane.<\/li>\n<li>W wykresach z Excela przy du\u017cej liczbie danych zamiast kolor\u00f3w nale\u017cy u\u017cywa\u0107 wype\u0142nienia czytelnego w druku czarno-bia\u0142ym.<\/li>\n<\/ol>\n","protected":false},"excerpt":{"rendered":"<p>WYDAWNICTWO UCZELNI JANA WY\u017bYKOWSKIEGO Gotowy tekst powinien zosta\u0107 przes\u0142any na adres mailowy j.walczak@ujw.pl Obj\u0119to\u015b\u0107 maksymalna tekstu: 40 tys. znak\u00f3w ze spacjami. Za znak typograficzny uwa\u017ca si\u0119 ka\u017cd\u0105 liter\u0119, cyfr\u0119, znak <a class=\"more-link\" href=\"https:\/\/konferencje.ujw.pl\/spolecznosci-lokalne\/index.php\/ustalenia-organizacyjne\/wymagania-redakcyjne\/\">Continue Reading &amp;amp;amp;amp;amp;amp;amp;amp;amp;amp;amp;amp;amp;amp;amp;amp;amp;amp;amp;amp;amp;amp;amp;amp;amp;rarr;<\/a><\/p>\n","protected":false},"author":2,"featured_media":0,"parent":16,"menu_order":0,"comment_status":"closed","ping_status":"closed","template":"","meta":[],"_links":{"self":[{"href":"https:\/\/konferencje.ujw.pl\/spolecznosci-lokalne\/index.php\/wp-json\/wp\/v2\/pages\/158"}],"collection":[{"href":"https:\/\/konferencje.ujw.pl\/spolecznosci-lokalne\/index.php\/wp-json\/wp\/v2\/pages"}],"about":[{"href":"https:\/\/konferencje.ujw.pl\/spolecznosci-lokalne\/index.php\/wp-json\/wp\/v2\/types\/page"}],"author":[{"embeddable":true,"href":"https:\/\/konferencje.ujw.pl\/spolecznosci-lokalne\/index.php\/wp-json\/wp\/v2\/users\/2"}],"replies":[{"embeddable":true,"href":"https:\/\/konferencje.ujw.pl\/spolecznosci-lokalne\/index.php\/wp-json\/wp\/v2\/comments?post=158"}],"version-history":[{"count":9,"href":"https:\/\/konferencje.ujw.pl\/spolecznosci-lokalne\/index.php\/wp-json\/wp\/v2\/pages\/158\/revisions"}],"predecessor-version":[{"id":339,"href":"https:\/\/konferencje.ujw.pl\/spolecznosci-lokalne\/index.php\/wp-json\/wp\/v2\/pages\/158\/revisions\/339"}],"up":[{"embeddable":true,"href":"https:\/\/konferencje.ujw.pl\/spolecznosci-lokalne\/index.php\/wp-json\/wp\/v2\/pages\/16"}],"wp:attachment":[{"href":"https:\/\/konferencje.ujw.pl\/spolecznosci-lokalne\/index.php\/wp-json\/wp\/v2\/media?parent=158"}],"curies":[{"name":"wp","href":"https:\/\/api.w.org\/{rel}","templated":true}]}}