{"id":16,"date":"2015-09-22T09:05:21","date_gmt":"2015-09-22T07:05:21","guid":{"rendered":"http:\/\/konferencje.dwspit.pl\/spolecznosci-lokalne\/?page_id=16"},"modified":"2019-11-04T12:23:36","modified_gmt":"2019-11-04T11:23:36","slug":"ustalenia-organizacyjne","status":"publish","type":"page","link":"https:\/\/konferencje.ujw.pl\/spolecznosci-lokalne\/index.php\/ustalenia-organizacyjne\/","title":{"rendered":"Uczestnictwo"},"content":{"rendered":"<ol>\n<li>Zg\u0142oszenie udzia\u0142u w konferencji nale\u017cy przes\u0142a\u0107 (w formie elektronicznej j.walczak@ujw.pl lub drog\u0105 pocztow\u0105) na adres organizatora do dnia <strong>15 pa\u017adziernika\u00a02019 r.<\/strong><\/li>\n<li>Streszczenia wyst\u0105pie\u0144 nale\u017cy przes\u0142a\u0107 do dnia <strong>31\u00a0pa\u017adziernika<\/strong>\u00a0<strong>2019 r.<\/strong> na adres poczty elektronicznej <strong><a href=\"mailto:j.walczak@ujw.pl\">j.walczak@ujw.pl<\/a><\/strong>. Referaty prezentowane w trakcie konferencji, po uzyskaniu pozytywnej oceny recenzent\u00f3w, zostan\u0105 opublikowane w czasopi\u015bmie &#8222;Spo\u0142eczno\u015bci Lokalne. Studia Interdyscyplinarne&#8221;, nr 4\/2020.<\/li>\n<li>Wymagania redakcyjne dotycz\u0105ce opublikowania tekst\u00f3w zostan\u0105 rozes\u0142ane<br \/>\ndo uczestnik\u00f3w konferencji wraz z komunikatem konferencyjnym.<\/li>\n<li>Organizatorzy przewiduj\u0105 wyst\u0105pienia w formie referat\u00f3w, komunikat\u00f3w z bada\u0144 oraz dyskusji, wskazuj\u0105c okre\u015blony czas na poszczeg\u00f3lne typy prezentacji:<\/li>\n<\/ol>\n<ul>\n<li><strong>referat &#8211; 20 minut<\/strong><\/li>\n<li><strong>komunikat &#8211; 10 minut<\/strong><\/li>\n<li><strong>g\u0142os w dyskusji &#8211; 5 minut.<\/strong><\/li>\n<\/ul>\n<ol start=\"5\">\n<li>Szczeg\u00f3\u0142owy program konferencji wraz z dodatkowymi informacjami organizacyjnymi zostanie rozes\u0142any zainteresowanym do dnia<strong>\u00a08\u00a0listopada<\/strong>\u00a0<strong>2019 r.<\/strong><\/li>\n<li>Biuro konferencji, adres do korespondencji: <strong>Uczelnia Jana Wy\u017cykowskiego, ul. Skalnik\u00f3w 6b, 59-101 Polkowice,\u00a0z dopiskiem: Konferencja <em>Spo\u0142eczno\u015bci lokalne 2019<\/em><\/strong><\/li>\n<\/ol>\n<p><strong>Kontakt:<br \/>\n<\/strong><strong style=\"line-height: 1.5;\"><strong>mgr Ewelina Szumska<\/strong><\/strong>, e.szumska@ujw.pl, tel. 76\u00a0746 53\u00a037<strong style=\"line-height: 1.5;\"><br \/>\n<\/strong><strong style=\"line-height: 1.5;\">dr Jan Walczak<\/strong><span style=\"line-height: 1.5;\">, \u00a0j.walczak@ujw.pl, tel. 504\u00a0900\u00a0746<br \/>\n<\/span><\/p>\n","protected":false},"excerpt":{"rendered":"<p>Zg\u0142oszenie udzia\u0142u w konferencji nale\u017cy przes\u0142a\u0107 (w formie elektronicznej j.walczak@ujw.pl lub drog\u0105 pocztow\u0105) na adres organizatora do dnia 15 pa\u017adziernika\u00a02019 r. Streszczenia wyst\u0105pie\u0144 nale\u017cy przes\u0142a\u0107 do dnia 31\u00a0pa\u017adziernika\u00a02019 r. na <a class=\"more-link\" href=\"https:\/\/konferencje.ujw.pl\/spolecznosci-lokalne\/index.php\/ustalenia-organizacyjne\/\">Continue Reading &amp;amp;amp;amp;amp;amp;amp;amp;amp;amp;amp;amp;amp;amp;amp;amp;amp;amp;amp;amp;amp;amp;amp;amp;amp;rarr;<\/a><\/p>\n","protected":false},"author":2,"featured_media":0,"parent":0,"menu_order":0,"comment_status":"closed","ping_status":"closed","template":"","meta":[],"_links":{"self":[{"href":"https:\/\/konferencje.ujw.pl\/spolecznosci-lokalne\/index.php\/wp-json\/wp\/v2\/pages\/16"}],"collection":[{"href":"https:\/\/konferencje.ujw.pl\/spolecznosci-lokalne\/index.php\/wp-json\/wp\/v2\/pages"}],"about":[{"href":"https:\/\/konferencje.ujw.pl\/spolecznosci-lokalne\/index.php\/wp-json\/wp\/v2\/types\/page"}],"author":[{"embeddable":true,"href":"https:\/\/konferencje.ujw.pl\/spolecznosci-lokalne\/index.php\/wp-json\/wp\/v2\/users\/2"}],"replies":[{"embeddable":true,"href":"https:\/\/konferencje.ujw.pl\/spolecznosci-lokalne\/index.php\/wp-json\/wp\/v2\/comments?post=16"}],"version-history":[{"count":19,"href":"https:\/\/konferencje.ujw.pl\/spolecznosci-lokalne\/index.php\/wp-json\/wp\/v2\/pages\/16\/revisions"}],"predecessor-version":[{"id":517,"href":"https:\/\/konferencje.ujw.pl\/spolecznosci-lokalne\/index.php\/wp-json\/wp\/v2\/pages\/16\/revisions\/517"}],"wp:attachment":[{"href":"https:\/\/konferencje.ujw.pl\/spolecznosci-lokalne\/index.php\/wp-json\/wp\/v2\/media?parent=16"}],"curies":[{"name":"wp","href":"https:\/\/api.w.org\/{rel}","templated":true}]}}