{"id":34,"date":"2015-09-22T14:16:08","date_gmt":"2015-09-22T12:16:08","guid":{"rendered":"http:\/\/konferencje.dwspit.pl\/spolecznosci-lokalne\/?page_id=34"},"modified":"2017-10-16T13:39:47","modified_gmt":"2017-10-16T11:39:47","slug":"organizacja-konferencji","status":"publish","type":"page","link":"https:\/\/konferencje.ujw.pl\/spolecznosci-lokalne\/index.php\/organizacja-konferencji\/","title":{"rendered":"Organizatorzy"},"content":{"rendered":"<p>Konferencja organizowana jest przez:<\/p>\n<p><b>Uczelni\u0119 Jana Wy\u017cykowskiego<\/b><\/p>\n<p><strong>Dolno\u015bl\u0105sk\u0105 Szko\u0142\u0119 Wy\u017csz\u0105<\/strong><\/p>\n<p>&nbsp;<\/p>\n<p>Miejsce konferencji:<\/p>\n<p><strong>Polkowice<\/strong><\/p>\n","protected":false},"excerpt":{"rendered":"<p>Konferencja organizowana jest przez: Uczelni\u0119 Jana Wy\u017cykowskiego Dolno\u015bl\u0105sk\u0105 Szko\u0142\u0119 Wy\u017csz\u0105 &nbsp; Miejsce konferencji: Polkowice<\/p>\n","protected":false},"author":2,"featured_media":0,"parent":0,"menu_order":0,"comment_status":"closed","ping_status":"closed","template":"","meta":[],"_links":{"self":[{"href":"https:\/\/konferencje.ujw.pl\/spolecznosci-lokalne\/index.php\/wp-json\/wp\/v2\/pages\/34"}],"collection":[{"href":"https:\/\/konferencje.ujw.pl\/spolecznosci-lokalne\/index.php\/wp-json\/wp\/v2\/pages"}],"about":[{"href":"https:\/\/konferencje.ujw.pl\/spolecznosci-lokalne\/index.php\/wp-json\/wp\/v2\/types\/page"}],"author":[{"embeddable":true,"href":"https:\/\/konferencje.ujw.pl\/spolecznosci-lokalne\/index.php\/wp-json\/wp\/v2\/users\/2"}],"replies":[{"embeddable":true,"href":"https:\/\/konferencje.ujw.pl\/spolecznosci-lokalne\/index.php\/wp-json\/wp\/v2\/comments?post=34"}],"version-history":[{"count":15,"href":"https:\/\/konferencje.ujw.pl\/spolecznosci-lokalne\/index.php\/wp-json\/wp\/v2\/pages\/34\/revisions"}],"predecessor-version":[{"id":429,"href":"https:\/\/konferencje.ujw.pl\/spolecznosci-lokalne\/index.php\/wp-json\/wp\/v2\/pages\/34\/revisions\/429"}],"wp:attachment":[{"href":"https:\/\/konferencje.ujw.pl\/spolecznosci-lokalne\/index.php\/wp-json\/wp\/v2\/media?parent=34"}],"curies":[{"name":"wp","href":"https:\/\/api.w.org\/{rel}","templated":true}]}}