{"id":46,"date":"2015-09-23T10:11:30","date_gmt":"2015-09-23T08:11:30","guid":{"rendered":"http:\/\/konferencje.dwspit.pl\/spolecznosci-lokalne\/?page_id=46"},"modified":"2017-10-16T13:42:21","modified_gmt":"2017-10-16T11:42:21","slug":"cel-konferencji","status":"publish","type":"page","link":"https:\/\/konferencje.ujw.pl\/spolecznosci-lokalne\/index.php\/problematyka-konferencji\/cel-konferencji\/","title":{"rendered":"O konferencji"},"content":{"rendered":"<p style=\"text-align: center;\"><strong>Konferencja naukowa<\/strong><\/p>\n<p style=\"text-align: center;\"><strong><em>Spo\u0142eczno\u015bci lokalne.\u00a0Rozw\u00f3j lokalny\u00a0w perspektywie\u00a0spo\u0142eczno-kulturowej<\/em><\/strong><\/p>\n<p style=\"text-align: center;\">16 listopada 2017 r.<\/p>\n<p style=\"text-align: center;\"><strong>Miejsce konferencji: Uczelnia Jana Wy\u017cykowskiego\u00a0<\/strong><\/p>\n<p style=\"text-align: center;\"><strong>ul. Skalnik\u00f3w 6b, 59-101 Polkowice\u00a0(woj. dolno\u015bl\u0105skie)<\/strong><\/p>\n<p style=\"text-align: center;\">\n<p>Istnieje wiele dr\u00f3g osi\u0105gania sukces\u00f3w (i ponoszenia pora\u017cek) w rozwoju lokalnym. Socjologowie, pedagodzy, ekonomi\u015bci czy politolodzy proponuj\u0105 r\u00f3\u017cnorodne sposoby animowania \u017cycia publicznego w lokalnych spo\u0142eczno\u015bciach. Nasze cykliczne konferencje s\u0105 od lat miejscem spotka\u0144, gdzie pr\u00f3bujemy zderza\u0107 te r\u00f3\u017cne perspektywy i wypracowa\u0107 mi\u0119dzydyscyplinarne porozumienie na temat lokalnych spo\u0142eczno\u015bci i ich rozwoju.<\/p>\n<blockquote><p>Rozw\u00f3j lokalny jest historycznie zakorzeniony, ideologicznie zaanga\u017cowany, zale\u017cny od warunk\u00f3w i kontekstu oraz profesjonalnie g\u0142\u0119boko zr\u00f3\u017cnicowany (M. Shaw). Partycypacja mieszka\u0144c\u00f3w w podejmowaniu decyzji dotycz\u0105cych \u017cycia publicznego oraz spo\u0142eczna odpowiedzialno\u015b\u0107 lokalnych przedsi\u0119biorstw to\u00a0 podstawowe warunki budowania strategii pomy\u015blnego rozwoju \u015brodowiskowego. Historyczne do\u015bwiadczenia spo\u0142eczno\u015bci w tych obszarach buduj\u0105 wsp\u00f3\u0142czesn\u0105 to\u017csamo\u015b\u0107 \u015brodowisk lokalnych, a wizje i cele polityk lokalnych tworz\u0105 publicznie uzgodnione, aksjologiczne ramy ich funkcjonowania. Jednak to umiej\u0119tno\u015bci animacyjne i edukacyjne lider\u00f3w spo\u0142ecznych (profesjonalnych czy nieformalnych) \u0142\u0105cz\u0105 te wszystkie elementy i \u201enadaj\u0105 si\u0142\u0119\u201d odzia\u0142ywania danej spo\u0142eczno\u015bci.<\/p><\/blockquote>\n<p>Celem kolejnej konferencji jest usystematyzowanie polityk lokalnych (strategii<br \/>\ni spo\u0142eczno\u015bciowych dzia\u0142a\u0144 w sferze publicznej) w zakresie integracji spo\u0142ecznej, wzmacniania solidarno\u015bci i lokalnego obywatelstwa oraz wsp\u00f3\u0142pracy z otoczeniem gospodarczym. W konsekwencji chcemy, aby perspektywa spo\u0142eczno\u2013kulturowa analiz teoretycznych i empirycznych spo\u0142eczno\u015bci lokalnych by\u0142a obecna we wsp\u00f3\u0142czesnych dyskursach nad samorz\u0105dno\u015bci\u0105 i polityk\u0105 prowadzon\u0105 wobec \u015brodowisk lokalnych.<\/p>\n<blockquote><p>Konferencje z cyklu \u201eSpo\u0142eczno\u015bci lokalne\u2026\u201d w pierwszym etapie skupia\u0142y si\u0119 wy\u0142\u0105cznie na zagadnieniach edukacyjnych (\u201eStrategie o\u015bwiatowe wobec problematyki migracyjnej uczni\u00f3w i wyzwa\u0144 edukacji przedszkolnej\u201d K\u0142odzko 2007; \u201eLokalne strategie o\u015bwiatowe w polityce edukacyjnej w\u0142adz regionalnych i centralnych\u201d Wa\u0142brzych 2008; \u201eZr\u00f3wnowa\u017cony rozw\u00f3j spo\u0142eczno\u015bci lokalnych w perspektywie edukacyjnej\u201d \u015awidnica 2009; \u201eLokalne potrzeby edukacyjne w perspektywie kszta\u0142cenia w uczelniach wy\u017cszych\u201d Legnica 2010), a od roku 2011, kiedy partnerem Dolno\u015bl\u0105skiej Szko\u0142y Wy\u017cszej zosta\u0142a Dolno\u015bl\u0105ska Wy\u017csza Szko\u0142a Przedsi\u0119biorczo\u015bci i Techniki w Polkowicach (od 2016 r. UJW) problematyka zosta\u0142a poszerzona (\u201eSpo\u0142eczno\u015bci lokalne &#8211; problemy, zmiany, rozw\u00f3j\u201d Polkowice 2011; \u201eSpo\u0142eczno\u015bci lokalne w perspektywie wyzwa\u0144 wsp\u00f3\u0142czesno\u015bci\u201d \u017bary 2012; \u201eSpo\u0142eczno\u015bci lokalne. Przestrze\u0144 dla wsp\u00f3\u0142pracy i rozwoju\u201d Wroc\u0142aw 2013; \u201eSpo\u0142eczno\u015bci lokalne jako miejsca zmian. Teoria i praktyka\u201d K\u0142odzko 2014; \u201eSpo\u0142eczno\u015bci lokalne \u2013 25 lat odrodzonej samorz\u0105dno\u015bci \u2013 perspektywa interdyscyplinarna\u201d Polkowice 2015 &#8211; po raz pierwszy pod patronatem Fundacji Instytut Lecha Wa\u0142\u0119sy, go\u015bciem specjalnym tego wydarzenia by\u0142 s\u0119dzia Jerzy St\u0119pie\u0144. Ostatnia z konferencji w 2016 r. odby\u0142a si\u0119 w Kobierzycach i nosi\u0142a tytu\u0142 \u201eSpo\u0142eczno\u015bci lokalne. Praca, mobilno\u015b\u0107, obywatelstwo\u201d).<\/p><\/blockquote>\n<p>&nbsp;<\/p>\n","protected":false},"excerpt":{"rendered":"<p>Konferencja naukowa Spo\u0142eczno\u015bci lokalne.\u00a0Rozw\u00f3j lokalny\u00a0w perspektywie\u00a0spo\u0142eczno-kulturowej 16 listopada 2017 r. Miejsce konferencji: Uczelnia Jana Wy\u017cykowskiego\u00a0 ul. Skalnik\u00f3w 6b, 59-101 Polkowice\u00a0(woj. dolno\u015bl\u0105skie) Istnieje wiele dr\u00f3g osi\u0105gania sukces\u00f3w (i ponoszenia pora\u017cek) w <a class=\"more-link\" href=\"https:\/\/konferencje.ujw.pl\/spolecznosci-lokalne\/index.php\/problematyka-konferencji\/cel-konferencji\/\">Continue Reading &amp;amp;amp;amp;amp;amp;amp;amp;amp;amp;amp;amp;amp;amp;amp;amp;amp;amp;amp;amp;amp;amp;amp;amp;amp;rarr;<\/a><\/p>\n","protected":false},"author":2,"featured_media":0,"parent":10,"menu_order":0,"comment_status":"closed","ping_status":"closed","template":"","meta":[],"_links":{"self":[{"href":"https:\/\/konferencje.ujw.pl\/spolecznosci-lokalne\/index.php\/wp-json\/wp\/v2\/pages\/46"}],"collection":[{"href":"https:\/\/konferencje.ujw.pl\/spolecznosci-lokalne\/index.php\/wp-json\/wp\/v2\/pages"}],"about":[{"href":"https:\/\/konferencje.ujw.pl\/spolecznosci-lokalne\/index.php\/wp-json\/wp\/v2\/types\/page"}],"author":[{"embeddable":true,"href":"https:\/\/konferencje.ujw.pl\/spolecznosci-lokalne\/index.php\/wp-json\/wp\/v2\/users\/2"}],"replies":[{"embeddable":true,"href":"https:\/\/konferencje.ujw.pl\/spolecznosci-lokalne\/index.php\/wp-json\/wp\/v2\/comments?post=46"}],"version-history":[{"count":18,"href":"https:\/\/konferencje.ujw.pl\/spolecznosci-lokalne\/index.php\/wp-json\/wp\/v2\/pages\/46\/revisions"}],"predecessor-version":[{"id":431,"href":"https:\/\/konferencje.ujw.pl\/spolecznosci-lokalne\/index.php\/wp-json\/wp\/v2\/pages\/46\/revisions\/431"}],"up":[{"embeddable":true,"href":"https:\/\/konferencje.ujw.pl\/spolecznosci-lokalne\/index.php\/wp-json\/wp\/v2\/pages\/10"}],"wp:attachment":[{"href":"https:\/\/konferencje.ujw.pl\/spolecznosci-lokalne\/index.php\/wp-json\/wp\/v2\/media?parent=46"}],"curies":[{"name":"wp","href":"https:\/\/api.w.org\/{rel}","templated":true}]}}