{"id":53,"date":"2015-09-23T11:14:53","date_gmt":"2015-09-23T09:14:53","guid":{"rendered":"http:\/\/konferencje.dwspit.pl\/spolecznosci-lokalne\/?page_id=53"},"modified":"2019-11-13T12:35:59","modified_gmt":"2019-11-13T11:35:59","slug":"program","status":"publish","type":"page","link":"https:\/\/konferencje.ujw.pl\/spolecznosci-lokalne\/index.php\/program\/","title":{"rendered":"Program"},"content":{"rendered":"<p><strong>Program XII O<\/strong><strong>g\u00f3lnopolskiej Konferencji Naukowej \u201eSpo\u0142eczno\u015bci lokalne. Zr\u00f3wnowa\u017cony rozw\u00f3j jako wyzwanie spo\u0142eczno-gospodarcze i edukacyjne&#8221;.<\/strong><\/p>\n<p><b>\u00a014\u00a0listopada 2019 r., Uczelnia Jana Wy\u017cykowskiego, Polkowice, aula 407.\u00a0\u00a0<\/b><\/p>\n<p><a href=\"http:\/\/konferencje.ujw.pl\/spolecznosci-lokalne\/wp-content\/uploads\/2015\/09\/program-spolecznosci-lokalne-2019-1.pdf\">program-spolecznosci-lokalne-2019-1<\/a><\/p>\n<p>&nbsp;<\/p>\n<p>&nbsp;<\/p>\n","protected":false},"excerpt":{"rendered":"<p>Program XII Og\u00f3lnopolskiej Konferencji Naukowej \u201eSpo\u0142eczno\u015bci lokalne. Zr\u00f3wnowa\u017cony rozw\u00f3j jako wyzwanie spo\u0142eczno-gospodarcze i edukacyjne&#8221;. \u00a014\u00a0listopada 2019 r., Uczelnia Jana Wy\u017cykowskiego, Polkowice, aula 407.\u00a0\u00a0 program-spolecznosci-lokalne-2019-1 &nbsp; &nbsp;<\/p>\n","protected":false},"author":2,"featured_media":0,"parent":0,"menu_order":0,"comment_status":"closed","ping_status":"closed","template":"","meta":[],"_links":{"self":[{"href":"https:\/\/konferencje.ujw.pl\/spolecznosci-lokalne\/index.php\/wp-json\/wp\/v2\/pages\/53"}],"collection":[{"href":"https:\/\/konferencje.ujw.pl\/spolecznosci-lokalne\/index.php\/wp-json\/wp\/v2\/pages"}],"about":[{"href":"https:\/\/konferencje.ujw.pl\/spolecznosci-lokalne\/index.php\/wp-json\/wp\/v2\/types\/page"}],"author":[{"embeddable":true,"href":"https:\/\/konferencje.ujw.pl\/spolecznosci-lokalne\/index.php\/wp-json\/wp\/v2\/users\/2"}],"replies":[{"embeddable":true,"href":"https:\/\/konferencje.ujw.pl\/spolecznosci-lokalne\/index.php\/wp-json\/wp\/v2\/comments?post=53"}],"version-history":[{"count":36,"href":"https:\/\/konferencje.ujw.pl\/spolecznosci-lokalne\/index.php\/wp-json\/wp\/v2\/pages\/53\/revisions"}],"predecessor-version":[{"id":564,"href":"https:\/\/konferencje.ujw.pl\/spolecznosci-lokalne\/index.php\/wp-json\/wp\/v2\/pages\/53\/revisions\/564"}],"wp:attachment":[{"href":"https:\/\/konferencje.ujw.pl\/spolecznosci-lokalne\/index.php\/wp-json\/wp\/v2\/media?parent=53"}],"curies":[{"name":"wp","href":"https:\/\/api.w.org\/{rel}","templated":true}]}}